{"id":512,"date":"2023-12-01T10:31:46","date_gmt":"2023-12-01T09:31:46","guid":{"rendered":"https:\/\/cabaholidaybardolino.com\/appartamenti\/wohnung-gritti\/"},"modified":"2026-02-27T11:04:04","modified_gmt":"2026-02-27T10:04:04","slug":"wohnung-gritti","status":"publish","type":"product","link":"https:\/\/cabaholidaybardolino.com\/de\/wohnungen\/wohnung-gritti\/","title":{"rendered":"Wohnung Gritti"},"content":{"rendered":"<p>[et_pb_section fb_built=&#8220;1&#8243; admin_label=&#8220;Header&#8220; _builder_version=&#8220;4.23.1&#8243; use_background_color_gradient=&#8220;on&#8220; background_color_gradient_type=&#8220;circular&#8220; background_color_gradient_direction_radial=&#8220;top left&#8220; background_color_gradient_stops=&#8220;rgba(255,255,255,0.89) 30%|rgba(255,255,255,0) 80%&#8220; background_color_gradient_overlays_image=&#8220;on&#8220; background_color_gradient_start=&#8220;rgba(255,255,255,0.89)&#8220; background_color_gradient_start_position=&#8220;30%&#8220; background_color_gradient_end=&#8220;rgba(255,255,255,0)&#8220; background_color_gradient_end_position=&#8220;80%&#8220; background_image=&#8220;https:\/\/cabaholidaybardolino.com\/wp-content\/uploads\/2023\/12\/camera-gritti-1-scaled.jpg&#8220; background_position=&#8220;top_left&#8220; background_vertical_offset=&#8220;65%&#8220; custom_padding=&#8220;8vw|0px|0|0px|false|false&#8220; locked=&#8220;off&#8220; global_colors_info=&#8220;{}&#8220;][et_pb_row _builder_version=&#8220;4.16&#8243; global_colors_info=&#8220;{}&#8220;][et_pb_column type=&#8220;4_4&#8243; _builder_version=&#8220;4.16&#8243; custom_padding=&#8220;|||&#8220; global_colors_info=&#8220;{}&#8220; custom_padding__hover=&#8220;|||&#8220;][et_pb_text _builder_version=&#8220;4.23.1&#8243; text_font=&#8220;||||||||&#8220; header_font=&#8220;Licorice||||||||&#8220; header_font_size=&#8220;100px&#8220; header_line_height=&#8220;1.2em&#8220; header_5_font=&#8220;Raleway|700||on|||||&#8220; header_5_text_color=&#8220;#000000&#8243; header_5_font_size=&#8220;20px&#8220; header_5_letter_spacing=&#8220;0.5em&#8220; header_5_line_height=&#8220;1.8em&#8220; animation_style=&#8220;zoom&#8220; animation_intensity_zoom=&#8220;5%&#8220; header_font_size_tablet=&#8220;70px&#8220; header_font_size_phone=&#8220;45px&#8220; header_font_size_last_edited=&#8220;on|phone&#8220; header_5_font_size_tablet=&#8220;14px&#8220; header_5_font_size_phone=&#8220;12px&#8220; header_5_font_size_last_edited=&#8220;on|desktop&#8220; global_colors_info=&#8220;{}&#8220;]<\/p>\n<h5>Wohnung<\/h5>\n<h1>Gritti<\/h1>\n<p>[\/et_pb_text][\/et_pb_column][\/et_pb_row][et_pb_row column_structure=&#8220;3_4,1_4&#8243; use_custom_gutter=&#8220;on&#8220; gutter_width=&#8220;1&#8243; make_equal=&#8220;on&#8220; _builder_version=&#8220;4.24.2&#8243; _module_preset=&#8220;default&#8220; max_width=&#8220;100%&#8220; module_alignment=&#8220;left&#8220; custom_margin=&#8220;5vw||0px||false|false&#8220; custom_padding=&#8220;0px||0px||true|false&#8220; locked=&#8220;off&#8220; global_colors_info=&#8220;{}&#8220;][et_pb_column type=&#8220;3_4&#8243; _builder_version=&#8220;4.24.2&#8243; _module_preset=&#8220;default&#8220; background_color=&#8220;#F6F6F6&#8243; global_colors_info=&#8220;{}&#8220;][et_pb_blurb title=&#8220;Via Gritti 7 , 37011 Bardolino VR&#8220; use_icon=&#8220;on&#8220; font_icon=&#8220;&#xe081;||divi||400&#8243; icon_color=&#8220;#c3cfd6&#8243; icon_placement=&#8220;left&#8220; image_icon_width=&#8220;24px&#8220; _builder_version=&#8220;4.24.2&#8243; header_level=&#8220;h5&#8243; header_font=&#8220;Raleway|700|||||||&#8220; header_font_size=&#8220;20px&#8220; header_line_height=&#8220;1.4em&#8220; custom_margin=&#8220;|0px||0px|false|true&#8220; custom_padding=&#8220;5%||5%|0px|true|false&#8220; custom_padding_tablet=&#8220;|||0px|false|false&#8220; custom_padding_phone=&#8220;|10vw||10vw|false|true&#8220; custom_padding_last_edited=&#8220;on|tablet&#8220; text_orientation_tablet=&#8220;center&#8220; text_orientation_phone=&#8220;center&#8220; text_orientation_last_edited=&#8220;on|phone&#8220; icon_font_size=&#8220;24px&#8220; global_colors_info=&#8220;{}&#8220;][\/et_pb_blurb][\/et_pb_column][et_pb_column type=&#8220;1_4&#8243; _builder_version=&#8220;4.24.2&#8243; _module_preset=&#8220;default&#8220; background_color=&#8220;#5F0F26&#8243; global_colors_info=&#8220;{}&#8220;][et_pb_button button_url=&#8220;https:\/\/hospitality-guest.teamsystem.cloud\/booking-engine\/caba-holiday-bardolino?resourceTypeIds=6993214d2ac1f327c0d87a58&#8243; button_text=&#8220;BUCHEN SIE JETZT&#8220; button_alignment=&#8220;center&#8220; _builder_version=&#8220;4.27.2&#8243; custom_button=&#8220;on&#8220; button_text_size=&#8220;25px&#8220; button_text_color=&#8220;#F6F6F6&#8243; button_bg_color=&#8220;#5F0F26&#8243; button_border_color=&#8220;rgba(0,0,0,0)&#8220; button_border_radius=&#8220;0px&#8220; button_font=&#8220;Raleway|700|||||||&#8220; custom_padding=&#8220;14%||14%||true|false&#8220; button_border_radius_hover=&#8220;0px&#8220; global_colors_info=&#8220;{}&#8220; button_text_size__hover_enabled=&#8220;off&#8220; button_one_text_size__hover_enabled=&#8220;off&#8220; button_two_text_size__hover_enabled=&#8220;off&#8220; button_text_color__hover_enabled=&#8220;off&#8220; button_one_text_color__hover_enabled=&#8220;off&#8220; button_two_text_color__hover_enabled=&#8220;off&#8220; button_border_width__hover_enabled=&#8220;off&#8220; button_one_border_width__hover_enabled=&#8220;off&#8220; button_two_border_width__hover_enabled=&#8220;off&#8220; button_border_color__hover_enabled=&#8220;off&#8220; button_one_border_color__hover_enabled=&#8220;off&#8220; button_two_border_color__hover_enabled=&#8220;off&#8220; button_border_radius__hover_enabled=&#8220;on&#8220; button_border_radius__hover=&#8220;0px&#8220; button_one_border_radius__hover_enabled=&#8220;off&#8220; button_two_border_radius__hover_enabled=&#8220;off&#8220; button_letter_spacing__hover_enabled=&#8220;off&#8220; button_one_letter_spacing__hover_enabled=&#8220;off&#8220; button_two_letter_spacing__hover_enabled=&#8220;off&#8220; button_bg_color__hover_enabled=&#8220;off&#8220; button_one_bg_color__hover_enabled=&#8220;off&#8220; button_two_bg_color__hover_enabled=&#8220;off&#8220;][\/et_pb_button][\/et_pb_column][\/et_pb_row][\/et_pb_section][et_pb_section fb_built=&#8220;1&#8243; _builder_version=&#8220;4.16&#8243; custom_padding=&#8220;0px||||false|false&#8220; global_colors_info=&#8220;{}&#8220;][et_pb_row _builder_version=&#8220;4.23.1&#8243; background_size=&#8220;initial&#8220; background_position=&#8220;top_left&#8220; background_repeat=&#8220;repeat&#8220; width=&#8220;90%&#8220; max_width=&#8220;100%&#8220; custom_padding=&#8220;0px||0px||false|false&#8220; global_colors_info=&#8220;{}&#8220;][et_pb_column type=&#8220;4_4&#8243; _builder_version=&#8220;4.16&#8243; custom_padding=&#8220;|||&#8220; global_colors_info=&#8220;{}&#8220; custom_padding__hover=&#8220;|||&#8220;][et_pb_wc_breadcrumb _builder_version=&#8220;4.23.1&#8243; custom_padding_tablet=&#8220;25px||||false|false&#8220; custom_padding_phone=&#8220;25px||||false|false&#8220; custom_padding_last_edited=&#8220;on|phone&#8220; global_colors_info=&#8220;{}&#8220;][\/et_pb_wc_breadcrumb][et_pb_wc_cart_notice _builder_version=&#8220;4.16&#8243; global_colors_info=&#8220;{}&#8220;][\/et_pb_wc_cart_notice][\/et_pb_column][\/et_pb_row][et_pb_row column_structure=&#8220;1_2,1_2&#8243; module_id=&#8220;prenota&#8220; _builder_version=&#8220;4.23.1&#8243; background_size=&#8220;initial&#8220; background_position=&#8220;top_left&#8220; background_repeat=&#8220;repeat&#8220; width=&#8220;90%&#8220; max_width=&#8220;100%&#8220; custom_padding=&#8220;0px||||false|false&#8220; global_colors_info=&#8220;{}&#8220;][et_pb_column type=&#8220;1_2&#8243; _builder_version=&#8220;4.16&#8243; custom_padding=&#8220;|||&#8220; global_colors_info=&#8220;{}&#8220; custom_padding__hover=&#8220;|||&#8220;][et_pb_wc_images _builder_version=&#8220;4.16&#8243; global_colors_info=&#8220;{}&#8220;][\/et_pb_wc_images][\/et_pb_column][et_pb_column type=&#8220;1_2&#8243; _builder_version=&#8220;4.16&#8243; custom_padding=&#8220;|||&#8220; global_colors_info=&#8220;{}&#8220; custom_padding__hover=&#8220;|||&#8220;][et_pb_wc_title _builder_version=&#8220;4.23.1&#8243; header_font_size=&#8220;40px&#8220; header_line_height=&#8220;0.9em&#8220; header_font_size_tablet=&#8220;40px&#8220; header_font_size_phone=&#8220;30px&#8220; header_font_size_last_edited=&#8220;on|phone&#8220; header_line_height_tablet=&#8220;2em&#8220; header_line_height_phone=&#8220;1.3em&#8220; header_line_height_last_edited=&#8220;on|tablet&#8220; global_colors_info=&#8220;{}&#8220; header_font_size__hover_enabled=&#8220;off|desktop&#8220;][\/et_pb_wc_title][et_pb_icon font_icon=&#8220;&#xf540;||fa||900&#8243; icon_width=&#8220;30px&#8220; _builder_version=&#8220;4.23.1&#8243; _module_preset=&#8220;default&#8220; custom_padding=&#8220;|5px||5px|false|true&#8220; custom_css_main_element=&#8220;display:inline-block; ||text-align:center;&#8220; locked=&#8220;off&#8220; global_colors_info=&#8220;{}&#8220;][\/et_pb_icon][et_pb_icon font_icon=&#8220;&#xf1eb;||fa||900&#8243; icon_width=&#8220;30px&#8220; _builder_version=&#8220;4.23.1&#8243; _module_preset=&#8220;default&#8220; custom_padding=&#8220;|5px||5px|false|true&#8220; custom_css_main_element=&#8220;display:inline-block; ||text-align:center;&#8220; locked=&#8220;off&#8220; global_colors_info=&#8220;{}&#8220;][\/et_pb_icon][et_pb_icon font_icon=&#8220;&#xf2dc;||fa||900&#8243; icon_width=&#8220;30px&#8220; _builder_version=&#8220;4.23.1&#8243; _module_preset=&#8220;default&#8220; custom_padding=&#8220;|5px||5px|false|true&#8220; custom_css_main_element=&#8220;display:inline-block; ||text-align:center;&#8220; locked=&#8220;off&#8220; global_colors_info=&#8220;{}&#8220;][\/et_pb_icon][et_pb_icon font_icon=&#8220;&#xf185;||fa||900&#8243; icon_width=&#8220;30px&#8220; _builder_version=&#8220;4.23.1&#8243; _module_preset=&#8220;default&#8220; custom_padding=&#8220;|5px||5px|false|true&#8220; custom_css_main_element=&#8220;display:inline-block; ||text-align:center;&#8220; locked=&#8220;off&#8220; global_colors_info=&#8220;{}&#8220;][\/et_pb_icon][et_pb_wc_description _builder_version=&#8220;4.16&#8243; global_colors_info=&#8220;{}&#8220;][\/et_pb_wc_description][et_pb_wc_meta _builder_version=&#8220;4.16&#8243; global_colors_info=&#8220;{}&#8220;][\/et_pb_wc_meta][et_pb_wc_tabs disabled_on=&#8220;on|on|on&#8220; _builder_version=&#8220;4.23.1&#8243; disabled=&#8220;on&#8220; global_colors_info=&#8220;{}&#8220;] [\/et_pb_wc_tabs][et_pb_wc_price _builder_version=&#8220;4.16&#8243; global_colors_info=&#8220;{}&#8220;][\/et_pb_wc_price][et_pb_wc_upsells _builder_version=&#8220;4.16&#8243; global_colors_info=&#8220;{}&#8220;][\/et_pb_wc_upsells][et_pb_wc_add_to_cart _builder_version=&#8220;4.23.1&#8243; global_colors_info=&#8220;{}&#8220;][\/et_pb_wc_add_to_cart][\/et_pb_column][\/et_pb_row][\/et_pb_section]<\/p>\n","protected":false},"excerpt":{"rendered":"<p><strong>60 Quadratmeter gro\u00dfe<\/strong> Apartment f\u00fcr <strong>3+2 Personen<\/strong> mit <strong>Schlafzimmer<\/strong>, <strong>Wohnzimmer mit Kochnische<\/strong>, <strong>Schlafsofa<\/strong> im Wohnzimmer, <strong>eigenem Bad<\/strong>, z<strong>wei kleinen Balkonen<\/strong> und <strong>kostenlosem WLAN<\/strong> im gesamten Apartment.<\/p>\n<p><strong>Zimmer<\/strong> mit <strong>Doppelbett<\/strong>, <strong>zus\u00e4tzlichem<\/strong> <strong>Einzelbett<\/strong>, <strong>Kleiderschrank<\/strong>, <strong>Klimaanlage<\/strong> und <strong>Balkon<\/strong>.<\/p>\n<p>Wohnzimmer mit Doppelschlafcouch, Satelliten Fernsehen, Klimaanlage und Balkon.<\/p>\n<p>Die <strong>K\u00fcche im Wohnzimmer<\/strong> ist mit einem <strong>4-Flammen-Herd<\/strong>, <strong>Dunstabzugshaube<\/strong>, Sp\u00fcle, <strong>Geschirrsp\u00fcler<\/strong>, <strong>Waschmaschine<\/strong>, K\u00fchlschrank mit Gefrierfach, <strong>elektrischem Backofen<\/strong>, <strong>Mikrowelle<\/strong>, <strong>Toaster<\/strong>, <strong>Wasserkocher<\/strong> f\u00fcr hei\u00dfes Wasser, <strong>Espresso-Kaffeemaschine<\/strong> und <strong>Melitta-Kaffeemaschine<\/strong> ausgestattet.<\/p>\n<p><strong>Eigenes Badezimmer<\/strong> mit Dusche, WC, Bidet, Waschmaschine, Waschbecken, Haartrockner, Shampoo und Duschgel.<\/p>\n<p><em><strong>Reinigungsset<\/strong><\/em> mit Staubsauger, B\u00fcgeleisen, Geschirrsp\u00fcler, B\u00fcgelbrett, W\u00e4scheleine, Sp\u00fclmittel und Geschirrsp\u00fcler.<\/p>\n<p>Die Wohnung liegt im <strong>1. Stock mit Aufzug<\/strong>.<\/p>\n<p><strong>Kostenlose Parkpl\u00e4tze<\/strong> auf einem <strong>reservierten Parkplatz<\/strong>.<\/p>\n","protected":false},"featured_media":374,"comment_status":"open","ping_status":"closed","template":"","meta":{"_acf_changed":false,"_et_pb_use_builder":"on","_et_pb_old_content":"","_et_gb_content_width":""},"product_brand":[],"product_cat":[44],"product_tag":[],"class_list":{"0":"post-512","1":"product","2":"type-product","3":"status-publish","4":"has-post-thumbnail","6":"product_cat-wohnungen","8":"first","9":"instock","10":"shipping-taxable","11":"product-type-simple"},"acf":[],"_links":{"self":[{"href":"https:\/\/cabaholidaybardolino.com\/de\/wp-json\/wp\/v2\/product\/512","targetHints":{"allow":["GET"]}}],"collection":[{"href":"https:\/\/cabaholidaybardolino.com\/de\/wp-json\/wp\/v2\/product"}],"about":[{"href":"https:\/\/cabaholidaybardolino.com\/de\/wp-json\/wp\/v2\/types\/product"}],"replies":[{"embeddable":true,"href":"https:\/\/cabaholidaybardolino.com\/de\/wp-json\/wp\/v2\/comments?post=512"}],"wp:featuredmedia":[{"embeddable":true,"href":"https:\/\/cabaholidaybardolino.com\/de\/wp-json\/wp\/v2\/media\/374"}],"wp:attachment":[{"href":"https:\/\/cabaholidaybardolino.com\/de\/wp-json\/wp\/v2\/media?parent=512"}],"wp:term":[{"taxonomy":"product_brand","embeddable":true,"href":"https:\/\/cabaholidaybardolino.com\/de\/wp-json\/wp\/v2\/product_brand?post=512"},{"taxonomy":"product_cat","embeddable":true,"href":"https:\/\/cabaholidaybardolino.com\/de\/wp-json\/wp\/v2\/product_cat?post=512"},{"taxonomy":"product_tag","embeddable":true,"href":"https:\/\/cabaholidaybardolino.com\/de\/wp-json\/wp\/v2\/product_tag?post=512"}],"curies":[{"name":"wp","href":"https:\/\/api.w.org\/{rel}","templated":true}]}}